{"id":1570,"date":"2016-01-20T13:05:55","date_gmt":"2016-01-20T13:05:55","guid":{"rendered":"http:\/\/sp.useful-pixels.com\/?page_id=22"},"modified":"2019-09-10T23:17:40","modified_gmt":"2019-09-10T22:17:40","slug":"apropos","status":"publish","type":"page","link":"https:\/\/www.piscines-bertrand.ch\/index.php\/apropos\/","title":{"rendered":"\u00c0 PROPOS"},"content":{"rendered":"<p>[vc_row css=&#8221;.vc_custom_1457518155731{background-image: url(http:\/\/sp.useful-pixels.com\/wp-content\/spdemo\/2016\/01\/sps.jpg?id=635) !important;}&#8221;][vc_column width=&#8221;3\/4&#8243;][vc_empty_space height=&#8221;45px&#8221;][vc_column_text]<\/p>\n<h2><span style=\"color: #ffffff;\">\u00c0 PROPOS<\/span><\/h2>\n<h2><span style=\"color: #ffffff;\">Parlez nous de votre projet.<\/span><\/h2>\n<p>[\/vc_column_text][vc_empty_space height=&#8221;59px&#8221;][\/vc_column][vc_column width=&#8221;1\/4&#8243;][vc_empty_space height=&#8221;35px&#8221;][vc_empty_space height=&#8221;35px&#8221;][vc_button color=&#8221;up_btn-s&#8221; bt_customcolor=&#8221;#ffffff&#8221; bg_customcolor=&#8221;#35b1ca&#8221; align=&#8221;center&#8221; title=&#8221;DEMANDE DE DEVIS&#8221; href=&#8221;https:\/\/www.piscines-bertrand.ch\/index.php\/contact\/&#8221;][vc_empty_space height=&#8221;10px&#8221;][\/vc_column][\/vc_row][vc_row][vc_column width=&#8221;1\/2&#8243;][vc_empty_space][vc_custom_heading text=&#8221;NOTRE SOCI\u00c9T\u00c9&#8221; use_theme_fonts=&#8221;yes&#8221;][vc_column_text]Nous sommes une entreprise familiale g\u00e9n\u00e9rale de construction de piscines et nous nous occupons de vos projets\u00a0de A \u00e0 Z. Nous sommes actifs depuis plus de 20 ans dans toute la suisse romande. Nos piscines sont construites sur mesure ou pr\u00e9fabriqu\u00e9es, et selon les d\u00e9sirs de chaque client.\u00a0Nous attachons une grande importance \u00e0 l&#8217;int\u00e9gration du bassin dans le paysage et r\u00e9alisons les travaux d&#8217;am\u00e9nagement ext\u00e9rieur, branchements \u00e9lectriques, sanitaires et suivi de chantier.<\/p>\n<p>Vous n&#8217;avez donc qu&#8217;un interlocuteur.<\/p>\n<p>Notre technicit\u00e9 et professionnalisme font notre force. Nous sommes performants dans tous genres de\u00a0mat\u00e9riaux : piscines int\u00e9rieures ou ext\u00e9rieures,\u00a0pour priv\u00e9 ou centre\u00a0professionnel, spa, sauna, hammam\u00a0ou tout autre plan d&#8217;eau int\u00e9gr\u00e9.[\/vc_column_text][vc_empty_space height=&#8221;22px&#8221;][\/vc_column][vc_column width=&#8221;1\/2&#8243;][vc_empty_space][vc_single_image image=&#8221;1641&#8243; img_size=&#8221;full&#8221; alignment=&#8221;center&#8221;][vc_empty_space][\/vc_column][\/vc_row][vc_row][vc_column width=&#8221;1\/2&#8243;][vc_empty_space][vc_single_image image=&#8221;1642&#8243; img_size=&#8221;full&#8221; alignment=&#8221;center&#8221;][vc_empty_space][\/vc_column][vc_column width=&#8221;1\/2&#8243;][vc_empty_space][vc_column_text]Nos connaissances nous permettent de vous proposer des constructions sur tous genres de terrain,\u00a0m\u00eame en pente ; les mat\u00e9riaux adaptent chaque bassin \u00e0 son environnement, avec possibilit\u00e9 de\u00a0couverture automatique, piscine \u00e0 d\u00e9bordement et miroir \u00e9quip\u00e9s de bac tampon r\u00e9cup\u00e9rateur d&#8217;eau,\u00a0r\u00e9glage du niveau automatique, couverture isothermique pour les piscines d&#8217;int\u00e9rieur, etc. Nos\u00a0\u00e9l\u00e9ments de coffrage perdus permettent d&#8217;avoir une meilleure isolation entre l\u2018eau et le b\u00e9ton, donc\u00a0gain de temp\u00e9rature.<\/p>\n<p>Nos finitions sont ex\u00e9cut\u00e9es avec de le mosa\u00efque, couleurs ou motifs vari\u00e9s ; nous vous proposons un\u00a0vaste choix, vous permettant de r\u00e9aliser votre piscine avec go\u00fbt. Avec des colles performantes, nous\u00a0pouvons garantir la p\u00e9rennit\u00e9 de votre bassin. Nous proposons \u00e9galement des rev\u00eatements int\u00e9rieurs\u00a0en P.V.C arm\u00e9, ainsi qu&#8217;une belle gamme de coque en polyester. \u00a0Les produits d&#8217;entretien que nous vous conseillons permettent soins et d\u00e9sinfectons sans chlore.\u00a0Nous proposons toute une gemme de spa, ludique pour toute la famille, sportif ou autre, de haute\u00a0gamme, en utilisant les meilleurs produits.[\/vc_column_text][vc_empty_space height=&#8221;22px&#8221;][\/vc_column][\/vc_row][vc_row css=&#8221;.vc_custom_1457603849596{padding-top: 30px !important;padding-bottom: 30px !important;background-color: #1f425d !important;}&#8221;][vc_column width=&#8221;1\/2&#8243;][vc_custom_heading text=&#8221;NOS VID\u00c9OS&#8221; font_container=&#8221;tag:h2|text_align:left|color:%23ffffff&#8221; use_theme_fonts=&#8221;yes&#8221;][vc_video link=&#8221;https:\/\/vimeo.com\/359168939&#8243;][\/vc_column][vc_column width=&#8221;1\/2&#8243;][vc_custom_heading text=&#8221;&#8221; use_theme_fonts=&#8221;yes&#8221;][vc_video link=&#8221;https:\/\/www.youtube.com\/watch?v=LFSDbxDJVBc&#8221;][\/vc_column][\/vc_row]<\/p>\n","protected":false},"excerpt":{"rendered":"<p>[vc_row css=&#8221;.vc_custom_1457518155731{background-image: url(http:\/\/sp.useful-pixels.com\/wp-content\/spdemo\/2016\/01\/sps.jpg?id=635) !important;}&#8221;][vc_column width=&#8221;3\/4&#8243;][vc_empty_space height=&#8221;45px&#8221;][vc_column_text] \u00c0 PROPOS Parlez nous de votre projet. [\/vc_column_text][vc_empty_space height=&#8221;59px&#8221;][\/vc_column][vc_column width=&#8221;1\/4&#8243;][vc_empty_space height=&#8221;35px&#8221;][vc_empty_space height=&#8221;35px&#8221;][vc_button color=&#8221;up_btn-s&#8221; bt_customcolor=&#8221;#ffffff&#8221; bg_customcolor=&#8221;#35b1ca&#8221; align=&#8221;center&#8221; title=&#8221;DEMANDE DE DEVIS&#8221; href=&#8221;https:\/\/www.piscines-bertrand.ch\/index.php\/contact\/&#8221;][vc_empty_space height=&#8221;10px&#8221;][\/vc_column][\/vc_row][vc_row][vc_column width=&#8221;1\/2&#8243;][vc_empty_space][vc_custom_heading text=&#8221;NOTRE SOCI\u00c9T\u00c9&#8221; use_theme_fonts=&#8221;yes&#8221;][vc_column_text]Nous sommes une entreprise familiale g\u00e9n\u00e9rale de construction de piscines et nous nous occupons de vos projets\u00a0de A \u00e0 Z. Nous sommes actifs depuis plus de 20 ans dans toute la suisse romande. Nos piscines sont construites sur mesure ou pr\u00e9fabriqu\u00e9es, et selon les d\u00e9sirs de chaque client.\u00a0Nous attachons une grande importance \u00e0 l&#8217;int\u00e9gration du bassin dans le paysage et r\u00e9alisons les travaux d&#8217;am\u00e9nagement ext\u00e9rieur, branchements \u00e9lectriques, sanitaires et suivi &hellip; <a href=\"https:\/\/www.piscines-bertrand.ch\/index.php\/apropos\/\">Continued<\/a><\/p>\n","protected":false},"author":3,"featured_media":0,"parent":0,"menu_order":0,"comment_status":"closed","ping_status":"closed","template":"page-fullwidth.php","meta":{"_exactmetrics_skip_tracking":false,"_exactmetrics_sitenote_active":false,"_exactmetrics_sitenote_note":"","_exactmetrics_sitenote_category":0,"footnotes":""},"class_list":["post-1570","page","type-page","status-publish","hentry"],"yoast_head":"<!-- This site is optimized with the Yoast SEO plugin v26.0 - https:\/\/yoast.com\/wordpress\/plugins\/seo\/ -->\n<title>\u00c0 PROPOS<\/title>\n<meta name=\"description\" content=\"R\u00e9alisez la piscine de vos r\u00eaves, selon vos souhaits et d\u00e9sirs !\" \/>\n<meta name=\"robots\" content=\"index, follow, max-snippet:-1, max-image-preview:large, max-video-preview:-1\" \/>\n<link rel=\"canonical\" href=\"https:\/\/www.piscines-bertrand.ch\/index.php\/apropos\/\" \/>\n<meta property=\"og:locale\" content=\"fr_FR\" \/>\n<meta property=\"og:type\" content=\"article\" \/>\n<meta property=\"og:title\" content=\"\u00c0 PROPOS\" \/>\n<meta property=\"og:description\" content=\"R\u00e9alisez la piscine de vos r\u00eaves, selon vos souhaits et d\u00e9sirs !\" \/>\n<meta property=\"og:url\" content=\"https:\/\/www.piscines-bertrand.ch\/index.php\/apropos\/\" \/>\n<meta property=\"og:site_name\" content=\"Piscines-Bertrand\" \/>\n<meta property=\"article:publisher\" content=\"https:\/\/www.facebook.com\/piscinebertrand\/\" \/>\n<meta property=\"article:modified_time\" content=\"2019-09-10T22:17:40+00:00\" \/>\n<meta name=\"twitter:card\" content=\"summary_large_image\" \/>\n<meta name=\"twitter:label1\" content=\"Dur\u00e9e de lecture estim\u00e9e\" \/>\n\t<meta name=\"twitter:data1\" content=\"3 minutes\" \/>\n<script type=\"application\/ld+json\" class=\"yoast-schema-graph\">{\"@context\":\"https:\/\/schema.org\",\"@graph\":[{\"@type\":\"WebPage\",\"@id\":\"https:\/\/www.piscines-bertrand.ch\/index.php\/apropos\/\",\"url\":\"https:\/\/www.piscines-bertrand.ch\/index.php\/apropos\/\",\"name\":\"\u00c0 PROPOS\",\"isPartOf\":{\"@id\":\"https:\/\/www.piscines-bertrand.ch\/#website\"},\"datePublished\":\"2016-01-20T13:05:55+00:00\",\"dateModified\":\"2019-09-10T22:17:40+00:00\",\"description\":\"R\u00e9alisez la piscine de vos r\u00eaves, selon vos souhaits et d\u00e9sirs !\",\"breadcrumb\":{\"@id\":\"https:\/\/www.piscines-bertrand.ch\/index.php\/apropos\/#breadcrumb\"},\"inLanguage\":\"fr-FR\",\"potentialAction\":[{\"@type\":\"ReadAction\",\"target\":[\"https:\/\/www.piscines-bertrand.ch\/index.php\/apropos\/\"]}]},{\"@type\":\"BreadcrumbList\",\"@id\":\"https:\/\/www.piscines-bertrand.ch\/index.php\/apropos\/#breadcrumb\",\"itemListElement\":[{\"@type\":\"ListItem\",\"position\":1,\"name\":\"Accueil\",\"item\":\"https:\/\/www.piscines-bertrand.ch\/\"},{\"@type\":\"ListItem\",\"position\":2,\"name\":\"\u00c0 PROPOS\"}]},{\"@type\":\"WebSite\",\"@id\":\"https:\/\/www.piscines-bertrand.ch\/#website\",\"url\":\"https:\/\/www.piscines-bertrand.ch\/\",\"name\":\"Piscines-Bertrand\",\"description\":\"Cr\u00e9ateur de bonheur\",\"publisher\":{\"@id\":\"https:\/\/www.piscines-bertrand.ch\/#organization\"},\"potentialAction\":[{\"@type\":\"SearchAction\",\"target\":{\"@type\":\"EntryPoint\",\"urlTemplate\":\"https:\/\/www.piscines-bertrand.ch\/?s={search_term_string}\"},\"query-input\":{\"@type\":\"PropertyValueSpecification\",\"valueRequired\":true,\"valueName\":\"search_term_string\"}}],\"inLanguage\":\"fr-FR\"},{\"@type\":\"Organization\",\"@id\":\"https:\/\/www.piscines-bertrand.ch\/#organization\",\"name\":\"Piscines Bertrand\",\"url\":\"https:\/\/www.piscines-bertrand.ch\/\",\"logo\":{\"@type\":\"ImageObject\",\"inLanguage\":\"fr-FR\",\"@id\":\"https:\/\/www.piscines-bertrand.ch\/#\/schema\/logo\/image\/\",\"url\":\"https:\/\/www.piscines-bertrand.ch\/wp-content\/uploads\/2018\/03\/Logo_Bertrand.png\",\"contentUrl\":\"https:\/\/www.piscines-bertrand.ch\/wp-content\/uploads\/2018\/03\/Logo_Bertrand.png\",\"width\":350,\"height\":583,\"caption\":\"Piscines Bertrand\"},\"image\":{\"@id\":\"https:\/\/www.piscines-bertrand.ch\/#\/schema\/logo\/image\/\"},\"sameAs\":[\"https:\/\/www.facebook.com\/piscinebertrand\/\"]}]}<\/script>\n<!-- \/ Yoast SEO plugin. -->","yoast_head_json":{"title":"\u00c0 PROPOS","description":"R\u00e9alisez la piscine de vos r\u00eaves, selon vos souhaits et d\u00e9sirs !","robots":{"index":"index","follow":"follow","max-snippet":"max-snippet:-1","max-image-preview":"max-image-preview:large","max-video-preview":"max-video-preview:-1"},"canonical":"https:\/\/www.piscines-bertrand.ch\/index.php\/apropos\/","og_locale":"fr_FR","og_type":"article","og_title":"\u00c0 PROPOS","og_description":"R\u00e9alisez la piscine de vos r\u00eaves, selon vos souhaits et d\u00e9sirs !","og_url":"https:\/\/www.piscines-bertrand.ch\/index.php\/apropos\/","og_site_name":"Piscines-Bertrand","article_publisher":"https:\/\/www.facebook.com\/piscinebertrand\/","article_modified_time":"2019-09-10T22:17:40+00:00","twitter_card":"summary_large_image","twitter_misc":{"Dur\u00e9e de lecture estim\u00e9e":"3 minutes"},"schema":{"@context":"https:\/\/schema.org","@graph":[{"@type":"WebPage","@id":"https:\/\/www.piscines-bertrand.ch\/index.php\/apropos\/","url":"https:\/\/www.piscines-bertrand.ch\/index.php\/apropos\/","name":"\u00c0 PROPOS","isPartOf":{"@id":"https:\/\/www.piscines-bertrand.ch\/#website"},"datePublished":"2016-01-20T13:05:55+00:00","dateModified":"2019-09-10T22:17:40+00:00","description":"R\u00e9alisez la piscine de vos r\u00eaves, selon vos souhaits et d\u00e9sirs !","breadcrumb":{"@id":"https:\/\/www.piscines-bertrand.ch\/index.php\/apropos\/#breadcrumb"},"inLanguage":"fr-FR","potentialAction":[{"@type":"ReadAction","target":["https:\/\/www.piscines-bertrand.ch\/index.php\/apropos\/"]}]},{"@type":"BreadcrumbList","@id":"https:\/\/www.piscines-bertrand.ch\/index.php\/apropos\/#breadcrumb","itemListElement":[{"@type":"ListItem","position":1,"name":"Accueil","item":"https:\/\/www.piscines-bertrand.ch\/"},{"@type":"ListItem","position":2,"name":"\u00c0 PROPOS"}]},{"@type":"WebSite","@id":"https:\/\/www.piscines-bertrand.ch\/#website","url":"https:\/\/www.piscines-bertrand.ch\/","name":"Piscines-Bertrand","description":"Cr\u00e9ateur de bonheur","publisher":{"@id":"https:\/\/www.piscines-bertrand.ch\/#organization"},"potentialAction":[{"@type":"SearchAction","target":{"@type":"EntryPoint","urlTemplate":"https:\/\/www.piscines-bertrand.ch\/?s={search_term_string}"},"query-input":{"@type":"PropertyValueSpecification","valueRequired":true,"valueName":"search_term_string"}}],"inLanguage":"fr-FR"},{"@type":"Organization","@id":"https:\/\/www.piscines-bertrand.ch\/#organization","name":"Piscines Bertrand","url":"https:\/\/www.piscines-bertrand.ch\/","logo":{"@type":"ImageObject","inLanguage":"fr-FR","@id":"https:\/\/www.piscines-bertrand.ch\/#\/schema\/logo\/image\/","url":"https:\/\/www.piscines-bertrand.ch\/wp-content\/uploads\/2018\/03\/Logo_Bertrand.png","contentUrl":"https:\/\/www.piscines-bertrand.ch\/wp-content\/uploads\/2018\/03\/Logo_Bertrand.png","width":350,"height":583,"caption":"Piscines Bertrand"},"image":{"@id":"https:\/\/www.piscines-bertrand.ch\/#\/schema\/logo\/image\/"},"sameAs":["https:\/\/www.facebook.com\/piscinebertrand\/"]}]}},"_links":{"self":[{"href":"https:\/\/www.piscines-bertrand.ch\/index.php\/wp-json\/wp\/v2\/pages\/1570","targetHints":{"allow":["GET"]}}],"collection":[{"href":"https:\/\/www.piscines-bertrand.ch\/index.php\/wp-json\/wp\/v2\/pages"}],"about":[{"href":"https:\/\/www.piscines-bertrand.ch\/index.php\/wp-json\/wp\/v2\/types\/page"}],"author":[{"embeddable":true,"href":"https:\/\/www.piscines-bertrand.ch\/index.php\/wp-json\/wp\/v2\/users\/3"}],"replies":[{"embeddable":true,"href":"https:\/\/www.piscines-bertrand.ch\/index.php\/wp-json\/wp\/v2\/comments?post=1570"}],"version-history":[{"count":13,"href":"https:\/\/www.piscines-bertrand.ch\/index.php\/wp-json\/wp\/v2\/pages\/1570\/revisions"}],"predecessor-version":[{"id":1989,"href":"https:\/\/www.piscines-bertrand.ch\/index.php\/wp-json\/wp\/v2\/pages\/1570\/revisions\/1989"}],"wp:attachment":[{"href":"https:\/\/www.piscines-bertrand.ch\/index.php\/wp-json\/wp\/v2\/media?parent=1570"}],"curies":[{"name":"wp","href":"https:\/\/api.w.org\/{rel}","templated":true}]}}