{"id":1569,"date":"2016-01-20T13:05:34","date_gmt":"2016-01-20T13:05:34","guid":{"rendered":"http:\/\/sp.useful-pixels.com\/?page_id=20"},"modified":"2019-09-10T22:59:06","modified_gmt":"2019-09-10T21:59:06","slug":"nosrealisations","status":"publish","type":"page","link":"https:\/\/www.piscines-bertrand.ch\/index.php\/nosrealisations\/","title":{"rendered":"NOS R\u00c9ALISATIONS"},"content":{"rendered":"<p>[vc_row css=&#8221;.vc_custom_1457518155731{background-image: url(http:\/\/sp.useful-pixels.com\/wp-content\/spdemo\/2016\/01\/sps.jpg?id=635) !important;}&#8221;][vc_column width=&#8221;3\/4&#8243;][vc_empty_space height=&#8221;45px&#8221;][vc_column_text][\/vc_column_text][vc_empty_space height=&#8221;59px&#8221;][\/vc_column][vc_column width=&#8221;1\/4&#8243;][vc_empty_space height=&#8221;35px&#8221;][vc_empty_space height=&#8221;35px&#8221;][vc_button color=&#8221;up_btn-s&#8221; bt_customcolor=&#8221;#ffffff&#8221; bg_customcolor=&#8221;#35b1ca&#8221; align=&#8221;center&#8221; title=&#8221;DEMANDE DE DEVIS&#8221; href=&#8221;https:\/\/www.piscines-bertrand.ch\/index.php\/contact\/&#8221;][vc_empty_space height=&#8221;10px&#8221;][\/vc_column][\/vc_row][vc_row css=&#8221;.vc_custom_1457522347065{padding-top: 10px !important;padding-bottom: 33px !important;}&#8221;][vc_column][swimmingpool_grid_portofoliio porcol=&#8221;4&#8243; filter=&#8221;yes&#8221; show_more_grid=&#8221;yes&#8221; perpage=&#8221;-1&#8243; pgall=&#8221;TOUTES NOS PISCINES&#8221; pgsm=&#8221;VOIR PLUS DE PHOTOS&#8221;][\/vc_column][\/vc_row]<\/p>\n","protected":false},"excerpt":{"rendered":"<p>[vc_row css=&#8221;.vc_custom_1457518155731{background-image: url(http:\/\/sp.useful-pixels.com\/wp-content\/spdemo\/2016\/01\/sps.jpg?id=635) !important;}&#8221;][vc_column width=&#8221;3\/4&#8243;][vc_empty_space height=&#8221;45px&#8221;][vc_column_text][\/vc_column_text][vc_empty_space height=&#8221;59px&#8221;][\/vc_column][vc_column width=&#8221;1\/4&#8243;][vc_empty_space height=&#8221;35px&#8221;][vc_empty_space height=&#8221;35px&#8221;][vc_button color=&#8221;up_btn-s&#8221; bt_customcolor=&#8221;#ffffff&#8221; bg_customcolor=&#8221;#35b1ca&#8221; align=&#8221;center&#8221; title=&#8221;DEMANDE DE DEVIS&#8221; href=&#8221;https:\/\/www.piscines-bertrand.ch\/index.php\/contact\/&#8221;][vc_empty_space height=&#8221;10px&#8221;][\/vc_column][\/vc_row][vc_row css=&#8221;.vc_custom_1457522347065{padding-top: 10px !important;padding-bottom: 33px !important;}&#8221;][vc_column][swimmingpool_grid_portofoliio porcol=&#8221;4&#8243; filter=&#8221;yes&#8221; show_more_grid=&#8221;yes&#8221; perpage=&#8221;-1&#8243; pgall=&#8221;TOUTES NOS PISCINES&#8221; pgsm=&#8221;VOIR PLUS DE PHOTOS&#8221;][\/vc_column][\/vc_row]<\/p>\n","protected":false},"author":3,"featured_media":0,"parent":0,"menu_order":0,"comment_status":"closed","ping_status":"closed","template":"page-fullwidth.php","meta":{"_exactmetrics_skip_tracking":false,"_exactmetrics_sitenote_active":false,"_exactmetrics_sitenote_note":"","_exactmetrics_sitenote_category":0,"footnotes":""},"class_list":["post-1569","page","type-page","status-publish","hentry"],"yoast_head":"<!-- This site is optimized with the Yoast SEO plugin v26.0 - https:\/\/yoast.com\/wordpress\/plugins\/seo\/ -->\n<title>NOS R\u00c9ALISATIONS<\/title>\n<meta name=\"description\" content=\"Nos connaissances nous permettent de vous proposer des constructions sur tous genres de terrain, m\u00eame en pente ; les mat\u00e9riaux adaptent chaque bassin \u00e0 son environnement, avec possibilit\u00e9 de couverture automatique, piscine \u00e0 d\u00e9bordement et miroir \u00e9quip\u00e9s de bac tampon r\u00e9cup\u00e9rateur d\u2019eau, r\u00e9glage du niveau automatique, couverture isothermique pour les piscines d\u2019int\u00e9rieur, etc. Nos \u00e9l\u00e9ments de coffrage perdus permettent d\u2019avoir une meilleure isolation entre l\u2018eau et le b\u00e9ton, donc gain de temp\u00e9rature.\" \/>\n<meta name=\"robots\" content=\"index, follow, max-snippet:-1, max-image-preview:large, max-video-preview:-1\" \/>\n<link rel=\"canonical\" href=\"https:\/\/www.piscines-bertrand.ch\/index.php\/nosrealisations\/\" \/>\n<meta property=\"og:locale\" content=\"fr_FR\" \/>\n<meta property=\"og:type\" content=\"article\" \/>\n<meta property=\"og:title\" content=\"NOS R\u00c9ALISATIONS\" \/>\n<meta property=\"og:description\" content=\"Nos connaissances nous permettent de vous proposer des constructions sur tous genres de terrain, m\u00eame en pente ; les mat\u00e9riaux adaptent chaque bassin \u00e0 son environnement, avec possibilit\u00e9 de couverture automatique, piscine \u00e0 d\u00e9bordement et miroir \u00e9quip\u00e9s de bac tampon r\u00e9cup\u00e9rateur d\u2019eau, r\u00e9glage du niveau automatique, couverture isothermique pour les piscines d\u2019int\u00e9rieur, etc. Nos \u00e9l\u00e9ments de coffrage perdus permettent d\u2019avoir une meilleure isolation entre l\u2018eau et le b\u00e9ton, donc gain de temp\u00e9rature.\" \/>\n<meta property=\"og:url\" content=\"https:\/\/www.piscines-bertrand.ch\/index.php\/nosrealisations\/\" \/>\n<meta property=\"og:site_name\" content=\"Piscines-Bertrand\" \/>\n<meta property=\"article:publisher\" content=\"https:\/\/www.facebook.com\/piscinebertrand\/\" \/>\n<meta property=\"article:modified_time\" content=\"2019-09-10T21:59:06+00:00\" \/>\n<meta name=\"twitter:card\" content=\"summary_large_image\" \/>\n<meta name=\"twitter:label1\" content=\"Dur\u00e9e de lecture estim\u00e9e\" \/>\n\t<meta name=\"twitter:data1\" content=\"1 minute\" \/>\n<script type=\"application\/ld+json\" class=\"yoast-schema-graph\">{\"@context\":\"https:\/\/schema.org\",\"@graph\":[{\"@type\":\"WebPage\",\"@id\":\"https:\/\/www.piscines-bertrand.ch\/index.php\/nosrealisations\/\",\"url\":\"https:\/\/www.piscines-bertrand.ch\/index.php\/nosrealisations\/\",\"name\":\"NOS R\u00c9ALISATIONS\",\"isPartOf\":{\"@id\":\"https:\/\/www.piscines-bertrand.ch\/#website\"},\"datePublished\":\"2016-01-20T13:05:34+00:00\",\"dateModified\":\"2019-09-10T21:59:06+00:00\",\"description\":\"Nos connaissances nous permettent de vous proposer des constructions sur tous genres de terrain, m\u00eame en pente ; les mat\u00e9riaux adaptent chaque bassin \u00e0 son environnement, avec possibilit\u00e9 de couverture automatique, piscine \u00e0 d\u00e9bordement et miroir \u00e9quip\u00e9s de bac tampon r\u00e9cup\u00e9rateur d\u2019eau, r\u00e9glage du niveau automatique, couverture isothermique pour les piscines d\u2019int\u00e9rieur, etc. Nos \u00e9l\u00e9ments de coffrage perdus permettent d\u2019avoir une meilleure isolation entre l\u2018eau et le b\u00e9ton, donc gain de temp\u00e9rature.\",\"breadcrumb\":{\"@id\":\"https:\/\/www.piscines-bertrand.ch\/index.php\/nosrealisations\/#breadcrumb\"},\"inLanguage\":\"fr-FR\",\"potentialAction\":[{\"@type\":\"ReadAction\",\"target\":[\"https:\/\/www.piscines-bertrand.ch\/index.php\/nosrealisations\/\"]}]},{\"@type\":\"BreadcrumbList\",\"@id\":\"https:\/\/www.piscines-bertrand.ch\/index.php\/nosrealisations\/#breadcrumb\",\"itemListElement\":[{\"@type\":\"ListItem\",\"position\":1,\"name\":\"Accueil\",\"item\":\"https:\/\/www.piscines-bertrand.ch\/\"},{\"@type\":\"ListItem\",\"position\":2,\"name\":\"NOS R\u00c9ALISATIONS\"}]},{\"@type\":\"WebSite\",\"@id\":\"https:\/\/www.piscines-bertrand.ch\/#website\",\"url\":\"https:\/\/www.piscines-bertrand.ch\/\",\"name\":\"Piscines-Bertrand\",\"description\":\"Cr\u00e9ateur de bonheur\",\"publisher\":{\"@id\":\"https:\/\/www.piscines-bertrand.ch\/#organization\"},\"potentialAction\":[{\"@type\":\"SearchAction\",\"target\":{\"@type\":\"EntryPoint\",\"urlTemplate\":\"https:\/\/www.piscines-bertrand.ch\/?s={search_term_string}\"},\"query-input\":{\"@type\":\"PropertyValueSpecification\",\"valueRequired\":true,\"valueName\":\"search_term_string\"}}],\"inLanguage\":\"fr-FR\"},{\"@type\":\"Organization\",\"@id\":\"https:\/\/www.piscines-bertrand.ch\/#organization\",\"name\":\"Piscines Bertrand\",\"url\":\"https:\/\/www.piscines-bertrand.ch\/\",\"logo\":{\"@type\":\"ImageObject\",\"inLanguage\":\"fr-FR\",\"@id\":\"https:\/\/www.piscines-bertrand.ch\/#\/schema\/logo\/image\/\",\"url\":\"https:\/\/www.piscines-bertrand.ch\/wp-content\/uploads\/2018\/03\/Logo_Bertrand.png\",\"contentUrl\":\"https:\/\/www.piscines-bertrand.ch\/wp-content\/uploads\/2018\/03\/Logo_Bertrand.png\",\"width\":350,\"height\":583,\"caption\":\"Piscines Bertrand\"},\"image\":{\"@id\":\"https:\/\/www.piscines-bertrand.ch\/#\/schema\/logo\/image\/\"},\"sameAs\":[\"https:\/\/www.facebook.com\/piscinebertrand\/\"]}]}<\/script>\n<!-- \/ Yoast SEO plugin. -->","yoast_head_json":{"title":"NOS R\u00c9ALISATIONS","description":"Nos connaissances nous permettent de vous proposer des constructions sur tous genres de terrain, m\u00eame en pente ; les mat\u00e9riaux adaptent chaque bassin \u00e0 son environnement, avec possibilit\u00e9 de couverture automatique, piscine \u00e0 d\u00e9bordement et miroir \u00e9quip\u00e9s de bac tampon r\u00e9cup\u00e9rateur d\u2019eau, r\u00e9glage du niveau automatique, couverture isothermique pour les piscines d\u2019int\u00e9rieur, etc. Nos \u00e9l\u00e9ments de coffrage perdus permettent d\u2019avoir une meilleure isolation entre l\u2018eau et le b\u00e9ton, donc gain de temp\u00e9rature.","robots":{"index":"index","follow":"follow","max-snippet":"max-snippet:-1","max-image-preview":"max-image-preview:large","max-video-preview":"max-video-preview:-1"},"canonical":"https:\/\/www.piscines-bertrand.ch\/index.php\/nosrealisations\/","og_locale":"fr_FR","og_type":"article","og_title":"NOS R\u00c9ALISATIONS","og_description":"Nos connaissances nous permettent de vous proposer des constructions sur tous genres de terrain, m\u00eame en pente ; les mat\u00e9riaux adaptent chaque bassin \u00e0 son environnement, avec possibilit\u00e9 de couverture automatique, piscine \u00e0 d\u00e9bordement et miroir \u00e9quip\u00e9s de bac tampon r\u00e9cup\u00e9rateur d\u2019eau, r\u00e9glage du niveau automatique, couverture isothermique pour les piscines d\u2019int\u00e9rieur, etc. Nos \u00e9l\u00e9ments de coffrage perdus permettent d\u2019avoir une meilleure isolation entre l\u2018eau et le b\u00e9ton, donc gain de temp\u00e9rature.","og_url":"https:\/\/www.piscines-bertrand.ch\/index.php\/nosrealisations\/","og_site_name":"Piscines-Bertrand","article_publisher":"https:\/\/www.facebook.com\/piscinebertrand\/","article_modified_time":"2019-09-10T21:59:06+00:00","twitter_card":"summary_large_image","twitter_misc":{"Dur\u00e9e de lecture estim\u00e9e":"1 minute"},"schema":{"@context":"https:\/\/schema.org","@graph":[{"@type":"WebPage","@id":"https:\/\/www.piscines-bertrand.ch\/index.php\/nosrealisations\/","url":"https:\/\/www.piscines-bertrand.ch\/index.php\/nosrealisations\/","name":"NOS R\u00c9ALISATIONS","isPartOf":{"@id":"https:\/\/www.piscines-bertrand.ch\/#website"},"datePublished":"2016-01-20T13:05:34+00:00","dateModified":"2019-09-10T21:59:06+00:00","description":"Nos connaissances nous permettent de vous proposer des constructions sur tous genres de terrain, m\u00eame en pente ; les mat\u00e9riaux adaptent chaque bassin \u00e0 son environnement, avec possibilit\u00e9 de couverture automatique, piscine \u00e0 d\u00e9bordement et miroir \u00e9quip\u00e9s de bac tampon r\u00e9cup\u00e9rateur d\u2019eau, r\u00e9glage du niveau automatique, couverture isothermique pour les piscines d\u2019int\u00e9rieur, etc. Nos \u00e9l\u00e9ments de coffrage perdus permettent d\u2019avoir une meilleure isolation entre l\u2018eau et le b\u00e9ton, donc gain de temp\u00e9rature.","breadcrumb":{"@id":"https:\/\/www.piscines-bertrand.ch\/index.php\/nosrealisations\/#breadcrumb"},"inLanguage":"fr-FR","potentialAction":[{"@type":"ReadAction","target":["https:\/\/www.piscines-bertrand.ch\/index.php\/nosrealisations\/"]}]},{"@type":"BreadcrumbList","@id":"https:\/\/www.piscines-bertrand.ch\/index.php\/nosrealisations\/#breadcrumb","itemListElement":[{"@type":"ListItem","position":1,"name":"Accueil","item":"https:\/\/www.piscines-bertrand.ch\/"},{"@type":"ListItem","position":2,"name":"NOS R\u00c9ALISATIONS"}]},{"@type":"WebSite","@id":"https:\/\/www.piscines-bertrand.ch\/#website","url":"https:\/\/www.piscines-bertrand.ch\/","name":"Piscines-Bertrand","description":"Cr\u00e9ateur de bonheur","publisher":{"@id":"https:\/\/www.piscines-bertrand.ch\/#organization"},"potentialAction":[{"@type":"SearchAction","target":{"@type":"EntryPoint","urlTemplate":"https:\/\/www.piscines-bertrand.ch\/?s={search_term_string}"},"query-input":{"@type":"PropertyValueSpecification","valueRequired":true,"valueName":"search_term_string"}}],"inLanguage":"fr-FR"},{"@type":"Organization","@id":"https:\/\/www.piscines-bertrand.ch\/#organization","name":"Piscines Bertrand","url":"https:\/\/www.piscines-bertrand.ch\/","logo":{"@type":"ImageObject","inLanguage":"fr-FR","@id":"https:\/\/www.piscines-bertrand.ch\/#\/schema\/logo\/image\/","url":"https:\/\/www.piscines-bertrand.ch\/wp-content\/uploads\/2018\/03\/Logo_Bertrand.png","contentUrl":"https:\/\/www.piscines-bertrand.ch\/wp-content\/uploads\/2018\/03\/Logo_Bertrand.png","width":350,"height":583,"caption":"Piscines Bertrand"},"image":{"@id":"https:\/\/www.piscines-bertrand.ch\/#\/schema\/logo\/image\/"},"sameAs":["https:\/\/www.facebook.com\/piscinebertrand\/"]}]}},"_links":{"self":[{"href":"https:\/\/www.piscines-bertrand.ch\/index.php\/wp-json\/wp\/v2\/pages\/1569","targetHints":{"allow":["GET"]}}],"collection":[{"href":"https:\/\/www.piscines-bertrand.ch\/index.php\/wp-json\/wp\/v2\/pages"}],"about":[{"href":"https:\/\/www.piscines-bertrand.ch\/index.php\/wp-json\/wp\/v2\/types\/page"}],"author":[{"embeddable":true,"href":"https:\/\/www.piscines-bertrand.ch\/index.php\/wp-json\/wp\/v2\/users\/3"}],"replies":[{"embeddable":true,"href":"https:\/\/www.piscines-bertrand.ch\/index.php\/wp-json\/wp\/v2\/comments?post=1569"}],"version-history":[{"count":13,"href":"https:\/\/www.piscines-bertrand.ch\/index.php\/wp-json\/wp\/v2\/pages\/1569\/revisions"}],"predecessor-version":[{"id":1950,"href":"https:\/\/www.piscines-bertrand.ch\/index.php\/wp-json\/wp\/v2\/pages\/1569\/revisions\/1950"}],"wp:attachment":[{"href":"https:\/\/www.piscines-bertrand.ch\/index.php\/wp-json\/wp\/v2\/media?parent=1569"}],"curies":[{"name":"wp","href":"https:\/\/api.w.org\/{rel}","templated":true}]}}